{"id":945,"date":"2021-10-25T13:44:30","date_gmt":"2021-10-25T11:44:30","guid":{"rendered":"https:\/\/generaltransmissions.com\/about-us\/"},"modified":"2024-10-17T13:37:30","modified_gmt":"2024-10-17T11:37:30","slug":"notre-entreprise","status":"publish","type":"page","link":"https:\/\/generaltransmissions.com\/fr\/notre-entreprise\/","title":{"rendered":"Notre Entreprise"},"content":{"rendered":"","protected":false},"excerpt":{"rendered":"","protected":false},"author":1,"featured_media":0,"parent":0,"menu_order":0,"comment_status":"closed","ping_status":"closed","template":"template-modular.php","meta":{"footnotes":""},"class_list":["post-945","page","type-page","status-publish","hentry"],"acf":[],"yoast_head":"<!-- This site is optimized with the Yoast SEO plugin v27.4 - https:\/\/yoast.com\/product\/yoast-seo-wordpress\/ -->\n<title>Une entreprise \u00e0 la pointe de l\u2019innovation - General Transmissions<\/title>\n<meta name=\"description\" content=\"Nous sommes un leader dans la fabrication des transmissions pour les \u00e9quipements \u00e0 gaz et les transmissions pour les \u00e9quipements \u00e0 batterie.\" \/>\n<meta name=\"robots\" content=\"index, follow, max-snippet:-1, max-image-preview:large, max-video-preview:-1\" \/>\n<link rel=\"canonical\" href=\"https:\/\/generaltransmissions.com\/fr\/notre-entreprise\/\" \/>\n<meta property=\"og:locale\" content=\"fr_FR\" \/>\n<meta property=\"og:type\" content=\"article\" \/>\n<meta property=\"og:title\" content=\"Une entreprise \u00e0 la pointe de l\u2019innovation - General Transmissions\" \/>\n<meta property=\"og:description\" content=\"Nous sommes un leader dans la fabrication des transmissions pour les \u00e9quipements \u00e0 gaz et les transmissions pour les \u00e9quipements \u00e0 batterie.\" \/>\n<meta property=\"og:url\" content=\"https:\/\/generaltransmissions.com\/fr\/notre-entreprise\/\" \/>\n<meta property=\"og:site_name\" content=\"General Transmissions\" \/>\n<meta property=\"article:modified_time\" content=\"2024-10-17T11:37:30+00:00\" \/>\n<meta name=\"twitter:card\" content=\"summary_large_image\" \/>\n<script type=\"application\/ld+json\" class=\"yoast-schema-graph\">{\"@context\":\"https:\\\/\\\/schema.org\",\"@graph\":[{\"@type\":\"WebPage\",\"@id\":\"https:\\\/\\\/generaltransmissions.com\\\/fr\\\/notre-entreprise\\\/\",\"url\":\"https:\\\/\\\/generaltransmissions.com\\\/fr\\\/notre-entreprise\\\/\",\"name\":\"Une entreprise \u00e0 la pointe de l\u2019innovation - General Transmissions\",\"isPartOf\":{\"@id\":\"https:\\\/\\\/generaltransmissions.com\\\/en\\\/#website\"},\"datePublished\":\"2021-10-25T11:44:30+00:00\",\"dateModified\":\"2024-10-17T11:37:30+00:00\",\"description\":\"Nous sommes un leader dans la fabrication des transmissions pour les \u00e9quipements \u00e0 gaz et les transmissions pour les \u00e9quipements \u00e0 batterie.\",\"breadcrumb\":{\"@id\":\"https:\\\/\\\/generaltransmissions.com\\\/fr\\\/notre-entreprise\\\/#breadcrumb\"},\"inLanguage\":\"fr-FR\",\"potentialAction\":[{\"@type\":\"ReadAction\",\"target\":[\"https:\\\/\\\/generaltransmissions.com\\\/fr\\\/notre-entreprise\\\/\"]}]},{\"@type\":\"BreadcrumbList\",\"@id\":\"https:\\\/\\\/generaltransmissions.com\\\/fr\\\/notre-entreprise\\\/#breadcrumb\",\"itemListElement\":[{\"@type\":\"ListItem\",\"position\":1,\"name\":\"Home\",\"item\":\"https:\\\/\\\/generaltransmissions.com\\\/fr\\\/\"},{\"@type\":\"ListItem\",\"position\":2,\"name\":\"Notre Entreprise\"}]},{\"@type\":\"WebSite\",\"@id\":\"https:\\\/\\\/generaltransmissions.com\\\/en\\\/#website\",\"url\":\"https:\\\/\\\/generaltransmissions.com\\\/en\\\/\",\"name\":\"General Transmissions\",\"description\":\"Global supplier of transmissions for outdoor power equipment\",\"publisher\":{\"@id\":\"https:\\\/\\\/generaltransmissions.com\\\/en\\\/#organization\"},\"potentialAction\":[{\"@type\":\"SearchAction\",\"target\":{\"@type\":\"EntryPoint\",\"urlTemplate\":\"https:\\\/\\\/generaltransmissions.com\\\/en\\\/?s={search_term_string}\"},\"query-input\":{\"@type\":\"PropertyValueSpecification\",\"valueRequired\":true,\"valueName\":\"search_term_string\"}}],\"inLanguage\":\"fr-FR\"},{\"@type\":\"Organization\",\"@id\":\"https:\\\/\\\/generaltransmissions.com\\\/en\\\/#organization\",\"name\":\"General Transmissions\",\"url\":\"https:\\\/\\\/generaltransmissions.com\\\/en\\\/\",\"logo\":{\"@type\":\"ImageObject\",\"inLanguage\":\"fr-FR\",\"@id\":\"https:\\\/\\\/generaltransmissions.com\\\/en\\\/#\\\/schema\\\/logo\\\/image\\\/\",\"url\":\"https:\\\/\\\/generaltransmissions.com\\\/wp-content\\\/uploads\\\/2021\\\/10\\\/header-logo.png\",\"contentUrl\":\"https:\\\/\\\/generaltransmissions.com\\\/wp-content\\\/uploads\\\/2021\\\/10\\\/header-logo.png\",\"width\":328,\"height\":174,\"caption\":\"General Transmissions\"},\"image\":{\"@id\":\"https:\\\/\\\/generaltransmissions.com\\\/en\\\/#\\\/schema\\\/logo\\\/image\\\/\"}}]}<\/script>\n<!-- \/ Yoast SEO plugin. -->","yoast_head_json":{"title":"Une entreprise \u00e0 la pointe de l\u2019innovation - General Transmissions","description":"Nous sommes un leader dans la fabrication des transmissions pour les \u00e9quipements \u00e0 gaz et les transmissions pour les \u00e9quipements \u00e0 batterie.","robots":{"index":"index","follow":"follow","max-snippet":"max-snippet:-1","max-image-preview":"max-image-preview:large","max-video-preview":"max-video-preview:-1"},"canonical":"https:\/\/generaltransmissions.com\/fr\/notre-entreprise\/","og_locale":"fr_FR","og_type":"article","og_title":"Une entreprise \u00e0 la pointe de l\u2019innovation - General Transmissions","og_description":"Nous sommes un leader dans la fabrication des transmissions pour les \u00e9quipements \u00e0 gaz et les transmissions pour les \u00e9quipements \u00e0 batterie.","og_url":"https:\/\/generaltransmissions.com\/fr\/notre-entreprise\/","og_site_name":"General Transmissions","article_modified_time":"2024-10-17T11:37:30+00:00","twitter_card":"summary_large_image","schema":{"@context":"https:\/\/schema.org","@graph":[{"@type":"WebPage","@id":"https:\/\/generaltransmissions.com\/fr\/notre-entreprise\/","url":"https:\/\/generaltransmissions.com\/fr\/notre-entreprise\/","name":"Une entreprise \u00e0 la pointe de l\u2019innovation - General Transmissions","isPartOf":{"@id":"https:\/\/generaltransmissions.com\/en\/#website"},"datePublished":"2021-10-25T11:44:30+00:00","dateModified":"2024-10-17T11:37:30+00:00","description":"Nous sommes un leader dans la fabrication des transmissions pour les \u00e9quipements \u00e0 gaz et les transmissions pour les \u00e9quipements \u00e0 batterie.","breadcrumb":{"@id":"https:\/\/generaltransmissions.com\/fr\/notre-entreprise\/#breadcrumb"},"inLanguage":"fr-FR","potentialAction":[{"@type":"ReadAction","target":["https:\/\/generaltransmissions.com\/fr\/notre-entreprise\/"]}]},{"@type":"BreadcrumbList","@id":"https:\/\/generaltransmissions.com\/fr\/notre-entreprise\/#breadcrumb","itemListElement":[{"@type":"ListItem","position":1,"name":"Home","item":"https:\/\/generaltransmissions.com\/fr\/"},{"@type":"ListItem","position":2,"name":"Notre Entreprise"}]},{"@type":"WebSite","@id":"https:\/\/generaltransmissions.com\/en\/#website","url":"https:\/\/generaltransmissions.com\/en\/","name":"General Transmissions","description":"Global supplier of transmissions for outdoor power equipment","publisher":{"@id":"https:\/\/generaltransmissions.com\/en\/#organization"},"potentialAction":[{"@type":"SearchAction","target":{"@type":"EntryPoint","urlTemplate":"https:\/\/generaltransmissions.com\/en\/?s={search_term_string}"},"query-input":{"@type":"PropertyValueSpecification","valueRequired":true,"valueName":"search_term_string"}}],"inLanguage":"fr-FR"},{"@type":"Organization","@id":"https:\/\/generaltransmissions.com\/en\/#organization","name":"General Transmissions","url":"https:\/\/generaltransmissions.com\/en\/","logo":{"@type":"ImageObject","inLanguage":"fr-FR","@id":"https:\/\/generaltransmissions.com\/en\/#\/schema\/logo\/image\/","url":"https:\/\/generaltransmissions.com\/wp-content\/uploads\/2021\/10\/header-logo.png","contentUrl":"https:\/\/generaltransmissions.com\/wp-content\/uploads\/2021\/10\/header-logo.png","width":328,"height":174,"caption":"General Transmissions"},"image":{"@id":"https:\/\/generaltransmissions.com\/en\/#\/schema\/logo\/image\/"}}]}},"_links":{"self":[{"href":"https:\/\/generaltransmissions.com\/fr\/wp-json\/wp\/v2\/pages\/945","targetHints":{"allow":["GET"]}}],"collection":[{"href":"https:\/\/generaltransmissions.com\/fr\/wp-json\/wp\/v2\/pages"}],"about":[{"href":"https:\/\/generaltransmissions.com\/fr\/wp-json\/wp\/v2\/types\/page"}],"author":[{"embeddable":true,"href":"https:\/\/generaltransmissions.com\/fr\/wp-json\/wp\/v2\/users\/1"}],"replies":[{"embeddable":true,"href":"https:\/\/generaltransmissions.com\/fr\/wp-json\/wp\/v2\/comments?post=945"}],"version-history":[{"count":1,"href":"https:\/\/generaltransmissions.com\/fr\/wp-json\/wp\/v2\/pages\/945\/revisions"}],"predecessor-version":[{"id":946,"href":"https:\/\/generaltransmissions.com\/fr\/wp-json\/wp\/v2\/pages\/945\/revisions\/946"}],"wp:attachment":[{"href":"https:\/\/generaltransmissions.com\/fr\/wp-json\/wp\/v2\/media?parent=945"}],"curies":[{"name":"wp","href":"https:\/\/api.w.org\/{rel}","templated":true}]}}